{"id":103,"date":"2025-01-26T21:47:16","date_gmt":"2025-01-26T20:47:16","guid":{"rendered":"https:\/\/www.libertaereszentrum.dev.makeutopia.de\/?page_id=103"},"modified":"2025-01-26T21:47:16","modified_gmt":"2025-01-26T20:47:16","slug":"unterstuetzerinnen-gesucht","status":"publish","type":"page","link":"https:\/\/www.libertaereszentrum.dev.makeutopia.de\/?page_id=103","title":{"rendered":"Unterst\u00fctzer*innen gesucht!"},"content":{"rendered":"\n<figure class=\"wp-block-image size-large\"><img loading=\"lazy\" decoding=\"async\" width=\"1024\" height=\"205\" src=\"https:\/\/www.libertaereszentrum.dev.makeutopia.de\/wp-content\/uploads\/2025\/01\/Header-1024x205.jpg\" alt=\"\" class=\"wp-image-104\" srcset=\"https:\/\/www.libertaereszentrum.dev.makeutopia.de\/wp-content\/uploads\/2025\/01\/Header-1024x205.jpg 1024w, https:\/\/www.libertaereszentrum.dev.makeutopia.de\/wp-content\/uploads\/2025\/01\/Header-300x60.jpg 300w, https:\/\/www.libertaereszentrum.dev.makeutopia.de\/wp-content\/uploads\/2025\/01\/Header-768x153.jpg 768w, https:\/\/www.libertaereszentrum.dev.makeutopia.de\/wp-content\/uploads\/2025\/01\/Header.jpg 1477w\" sizes=\"auto, (max-width: 1024px) 100vw, 1024px\" \/><\/figure>\n\n\n\n<p>Die Welt und unsere Gesellschaft \u00e4ndern sich in rasantem Tempo und es liegt an uns allen, zu entscheiden, in welche Richtung es am Ende geht. Der Klimawandel bedroht Leben und Wohlstand zahlloser Menschen, der Reichtum sammelt sich bei einem immer kleiner werdenden Teil der Gesellschaft, w\u00e4hrend der Rest zunehmend prek\u00e4rer lebt. Die Jahre des Wirtschaftswunders sind vorbei und es gelingt Staat und Kapital nicht mehr, durch Teilhabe der Arbeiter*innen am Wohlstand sozialen Frieden herzustellen, sondern es wird durch Repression eine Friedhofsruhe erzwungen. Die autorit\u00e4re Reaktion auf die Krisen sind Angriffe auf die demokratischen Institutionen, auf die Rechte von FLINTA* und Minderheiten; Rassismus und Antisemitismus greifen um sich.<\/p>\n\n\n\n<p>Es gibt viel zu tun: sowohl die Symptome m\u00fcssen bek\u00e4mpft werden, als auch die Wurzel des Problems, also die staatlich und kapitalistisch verfasste Gesellschaft muss angegangen werden. Wir streiten in dieser Situation f\u00fcr die allgemeine Emanzipation. Alle Menschen sollen sich nach ihren F\u00e4higkeiten einbringen k\u00f6nnen und nach ihren Bed\u00fcrfnissen bekommen, was sie ben\u00f6tigen. Alle sollen ohne Angst verschieden sein k\u00f6nnen.<\/p>\n\n\n\n<p>Die Schwarze Katze ist ein Ort von und f\u00fcr libert\u00e4re und anarchistische Gruppen, Projekte und Einzelpersonen. Bei uns treffen sich Basisgewerkschaften sowie autonome linke Gruppen; sie ist ein Anlaufpunkt f\u00fcr Interessierte an Anarchismus und anarchistischer Organisierung. Begegnungen zwischen Gleichgesinnten, Vernetzung und gegenseitige Hilfe finden in ihren R\u00e4umen statt. <br>Der Schwerpunkt unserer gro\u00dfen Bibliothek mit \u00fcber 5000 B\u00fcchern fasst anarchistische Geschichte und Theorie, aber auch andere linke und emanzipatorische Themen finden sich hier. So bietet sie die M\u00f6glichkeit, vergangene Revolten zu reflektieren und die kommenden Aufst\u00e4nde zu planen.<\/p>\n\n\n\n<p>Bisher finanzieren wir uns nur \u00fcber die Aktiven in der Schwarzen Katze, starten hiermit jedoch den Versuch, uns finanziell etwas breiter aufzustellen. Monatlich fehlen uns bis zu 500 Euro, um unsere laufenden Kosten zu decken. Auf irgendeine Weise gelingt es uns immer wieder, diese Betr\u00e4ge zusammen zu bekommen, daf\u00fcr m\u00fcssen wir aber ungewollt Abstriche bei Neuanschaffungen oder notwendigen Renovierungsarbeiten machen.<br><br>Daher suchen wir Unterst\u00fctzung in Form von Dauerspenden; es braucht nur viele Wenige oder wenige Viele:<\/p>\n\n\n\n<figure class=\"wp-block-image size-full\"><img loading=\"lazy\" decoding=\"async\" width=\"1000\" height=\"295\" src=\"https:\/\/www.libertaereszentrum.dev.makeutopia.de\/wp-content\/uploads\/2025\/01\/Zahlenblock.jpg\" alt=\"\" class=\"wp-image-105\" srcset=\"https:\/\/www.libertaereszentrum.dev.makeutopia.de\/wp-content\/uploads\/2025\/01\/Zahlenblock.jpg 1000w, https:\/\/www.libertaereszentrum.dev.makeutopia.de\/wp-content\/uploads\/2025\/01\/Zahlenblock-300x89.jpg 300w, https:\/\/www.libertaereszentrum.dev.makeutopia.de\/wp-content\/uploads\/2025\/01\/Zahlenblock-768x227.jpg 768w\" sizes=\"auto, (max-width: 1000px) 100vw, 1000px\" \/><\/figure>\n\n\n\n<p>Oder \u2013 nat\u00fcrlich- noch besser: komm vorbei und bringe dich ein!<\/p>\n\n\n\n<p>F\u00fcr Freiheit und Gl\u00fcck!<\/p>\n\n\n\n<p><strong>Material:<\/strong><\/p>\n\n\n\n<p><a href=\"https:\/\/www.libertaereszentrum.dev.makeutopia.de\/wp-content\/uploads\/2025\/01\/Flyer-Webversion.pdf\" data-type=\"attachment\" data-id=\"106\">Der Flyer als PDF<\/a><\/p>\n\n\n\n<p><strong>Webbanner:<\/strong><\/p>\n\n\n\n<figure class=\"wp-block-image size-large\"><img loading=\"lazy\" decoding=\"async\" width=\"1024\" height=\"205\" src=\"https:\/\/www.libertaereszentrum.dev.makeutopia.de\/wp-content\/uploads\/2025\/01\/Webbanner-lang-1024x205.jpg\" alt=\"\" class=\"wp-image-107\" srcset=\"https:\/\/www.libertaereszentrum.dev.makeutopia.de\/wp-content\/uploads\/2025\/01\/Webbanner-lang-1024x205.jpg 1024w, https:\/\/www.libertaereszentrum.dev.makeutopia.de\/wp-content\/uploads\/2025\/01\/Webbanner-lang-300x60.jpg 300w, https:\/\/www.libertaereszentrum.dev.makeutopia.de\/wp-content\/uploads\/2025\/01\/Webbanner-lang-768x153.jpg 768w, https:\/\/www.libertaereszentrum.dev.makeutopia.de\/wp-content\/uploads\/2025\/01\/Webbanner-lang.jpg 1477w\" sizes=\"auto, (max-width: 1024px) 100vw, 1024px\" \/><\/figure>\n\n\n\n<figure class=\"wp-block-image size-full\"><img loading=\"lazy\" decoding=\"async\" width=\"295\" height=\"295\" src=\"https:\/\/www.libertaereszentrum.dev.makeutopia.de\/wp-content\/uploads\/2025\/01\/Webbanner-Quadrat.jpg\" alt=\"\" class=\"wp-image-108\" srcset=\"https:\/\/www.libertaereszentrum.dev.makeutopia.de\/wp-content\/uploads\/2025\/01\/Webbanner-Quadrat.jpg 295w, https:\/\/www.libertaereszentrum.dev.makeutopia.de\/wp-content\/uploads\/2025\/01\/Webbanner-Quadrat-150x150.jpg 150w\" sizes=\"auto, (max-width: 295px) 100vw, 295px\" \/><\/figure>\n","protected":false},"excerpt":{"rendered":"<p>Die Welt und unsere Gesellschaft \u00e4ndern sich in rasantem Tempo und es liegt an uns allen, zu entscheiden, in welche Richtung es am Ende geht. Der Klimawandel bedroht Leben und Wohlstand zahlloser Menschen, der Reichtum sammelt sich bei einem immer kleiner werdenden Teil der Gesellschaft, w\u00e4hrend der Rest zunehmend prek\u00e4rer lebt. Die Jahre des Wirtschaftswunders [&hellip;]<\/p>\n","protected":false},"author":1,"featured_media":0,"parent":0,"menu_order":0,"comment_status":"closed","ping_status":"closed","template":"","meta":{"footnotes":""},"class_list":["post-103","page","type-page","status-publish","hentry"],"_links":{"self":[{"href":"https:\/\/www.libertaereszentrum.dev.makeutopia.de\/index.php?rest_route=\/wp\/v2\/pages\/103","targetHints":{"allow":["GET"]}}],"collection":[{"href":"https:\/\/www.libertaereszentrum.dev.makeutopia.de\/index.php?rest_route=\/wp\/v2\/pages"}],"about":[{"href":"https:\/\/www.libertaereszentrum.dev.makeutopia.de\/index.php?rest_route=\/wp\/v2\/types\/page"}],"author":[{"embeddable":true,"href":"https:\/\/www.libertaereszentrum.dev.makeutopia.de\/index.php?rest_route=\/wp\/v2\/users\/1"}],"replies":[{"embeddable":true,"href":"https:\/\/www.libertaereszentrum.dev.makeutopia.de\/index.php?rest_route=%2Fwp%2Fv2%2Fcomments&post=103"}],"version-history":[{"count":1,"href":"https:\/\/www.libertaereszentrum.dev.makeutopia.de\/index.php?rest_route=\/wp\/v2\/pages\/103\/revisions"}],"predecessor-version":[{"id":109,"href":"https:\/\/www.libertaereszentrum.dev.makeutopia.de\/index.php?rest_route=\/wp\/v2\/pages\/103\/revisions\/109"}],"wp:attachment":[{"href":"https:\/\/www.libertaereszentrum.dev.makeutopia.de\/index.php?rest_route=%2Fwp%2Fv2%2Fmedia&parent=103"}],"curies":[{"name":"wp","href":"https:\/\/api.w.org\/{rel}","templated":true}]}}