

{"id":29,"date":"2025-01-22T20:10:08","date_gmt":"2025-01-22T19:10:08","guid":{"rendered":"https:\/\/www.libertaereszentrum.dev.makeutopia.de\/?page_id=29"},"modified":"2025-01-28T20:48:54","modified_gmt":"2025-01-28T19:48:54","slug":"zentrum","status":"publish","type":"page","link":"https:\/\/www.libertaereszentrum.dev.makeutopia.de\/?page_id=29","title":{"rendered":"Das Libert\u00e4re Kultur- und Aktionszentrum &#8222;Schwarze Katze&#8220;"},"content":{"rendered":"\n<p class=\"has-text-align-left has-medium-font-size\" style=\"border-style:none;border-width:0px;border-radius:0px;margin-top:0;margin-right:0;margin-bottom:0;margin-left:0;padding-top:0;padding-right:0;padding-bottom:0;padding-left:0\"> Das Libert\u00e4re Kultur- und Aktionszentrum war und ist ein Ort, der von libert\u00e4ren und anarchistischen Gruppen, Projekten und Einzelpersonen genutzt wird, wo mensch sich austauscht und sich gegenseitig unterst\u00fctzt. Die &#8222;Schwarze Katze&#8220; ist komplett selbstverwaltet und wird durch die Aktiven selbst finanziert.<\/p>\n\n\n\n<div class=\"wp-block-media-text has-media-on-the-right is-stacked-on-mobile\" style=\"grid-template-columns:auto 17%\"><div class=\"wp-block-media-text__content\">\n<p class=\"has-medium-font-size\" style=\"border-style:none;border-width:0px;padding-top:0;padding-right:0;padding-bottom:0;padding-left:0\">Es ist ein Anlaufpunkt f\u00fcr Interessierte am Anarchismus, anarchistischen Organisationsformen und aktuellen Vorg\u00e4ngen. Das Zentrum steht in der Widerstandstradition der Ateneos Libertarios in Spanien und existiert in Hamburg schon seit 1986.<\/p>\n<\/div><figure class=\"wp-block-media-text__media\"><img loading=\"lazy\" decoding=\"async\" width=\"240\" height=\"312\" src=\"https:\/\/www.libertaereszentrum.dev.makeutopia.de\/wp-content\/uploads\/2025\/01\/schwarze_katze2.png\" alt=\"\" class=\"wp-image-27 size-full\" srcset=\"https:\/\/www.libertaereszentrum.dev.makeutopia.de\/wp-content\/uploads\/2025\/01\/schwarze_katze2.png 240w, https:\/\/www.libertaereszentrum.dev.makeutopia.de\/wp-content\/uploads\/2025\/01\/schwarze_katze2-231x300.png 231w\" sizes=\"auto, (max-width: 240px) 100vw, 240px\" \/><\/figure><\/div>\n\n\n\n<p><strong>Bei uns findet ihr:<\/strong><\/p>\n\n\n\n<ul class=\"wp-block-list\">\n<li>Gro\u00dfe R\u00e4ume als Treffpunkt f\u00fcr anarchistische bzw. libert\u00e4re Gruppen, sowie eine gut ausgestattete K\u00fcche<\/li>\n\n\n\n<li>Eine umfangreiche libert\u00e4re Bibliothek<\/li>\n\n\n\n<li>Ein vielf\u00e4ltiges Verkaufssortiment anarchistischer B\u00fccher und Brosch\u00fcren<\/li>\n\n\n\n<li>Ein gro\u00dfes Sortiment aktueller internationaler Zeitungen<\/li>\n\n\n\n<li>Eine Infowand mit aktuellen Veranstaltungshinweisen, Flugbl\u00e4ttern und Flyern<\/li>\n\n\n\n<li>Freien Internetzugang<\/li>\n\n\n\n<li>Sowie die Infrastruktur f\u00fcr Veranstaltungen aller Art (z.B. Videobeamer, Outdoor-Gro\u00dfk\u00fcche, &#8230;)<\/li>\n<\/ul>\n\n\n\n<div class=\"wp-block-media-text is-stacked-on-mobile\" style=\"grid-template-columns:24% auto\"><figure class=\"wp-block-media-text__media\"><img loading=\"lazy\" decoding=\"async\" width=\"288\" height=\"384\" src=\"https:\/\/www.libertaereszentrum.dev.makeutopia.de\/wp-content\/uploads\/2025\/01\/pcplatz.jpg\" alt=\"\" class=\"wp-image-38 size-full\" srcset=\"https:\/\/www.libertaereszentrum.dev.makeutopia.de\/wp-content\/uploads\/2025\/01\/pcplatz.jpg 288w, https:\/\/www.libertaereszentrum.dev.makeutopia.de\/wp-content\/uploads\/2025\/01\/pcplatz-225x300.jpg 225w\" sizes=\"auto, (max-width: 288px) 100vw, 288px\" \/><\/figure><div class=\"wp-block-media-text__content\">\n<p>F\u00fcr neue Gruppen und Ideen ist in unseren R\u00e4umen immer Platz, wir freuen uns \u00fcber alle Menschen, die sich im Sinne anarchistischer\/libert\u00e4rer Ideen im Zentrum beteiligen wollen. Kommt einfach vorbei!<\/p>\n\n\n\n<p><br>Unsere R\u00e4ume k\u00f6nnen von Gruppen und Einzelpersonen f\u00fcr Veranstaltungen genutzt werden. Anfragen dazu bitte vorher auf dem Zentrumsplenum (immer am 1. Dienstag im Monat um 18 Uhr) stellen.<\/p>\n<\/div><\/div>\n\n\n\n<p><strong>Regelm\u00e4\u00dfige Termine findet ihr hier: <a href=\"https:\/\/libertaereszentrum.de\/index.php?page=termine\">Termine<\/a><\/strong><\/p>\n\n\n\n<p><strong>Unsere Adresse:<\/strong><\/p>\n\n\n\n<p><a href=\"https:\/\/www.openstreetmap.org\/?mlat=53.56776&amp;mlon=9.96223#map=17\/53.56776\/9.96222\" target=\"_blank\" rel=\"noreferrer noopener\">Libert\u00e4res Kultur- und Aktionszentrum<br>Fettstra\u00dfe 23<br>20357 Hamburg \/ Schanzenviertel<\/a><br>Tel\/Fax: 040 \/ 788 00 783 (inaktiv)<\/p>\n\n\n<link rel='stylesheet' id='osm-ol3-css-css' href='https:\/\/www.libertaereszentrum.dev.makeutopia.de\/wp-content\/plugins\/osm\/js\/OL\/10.9.0\/ol.css?ver=6.9.4' media='all' \/>\n<link rel='stylesheet' id='osm-ol3-ext-css-css' href='https:\/\/www.libertaereszentrum.dev.makeutopia.de\/wp-content\/plugins\/osm\/css\/osm_map_v3.css?ver=6.9.4' media='all' \/>\n<link rel='stylesheet' id='osm-map-css-css' href='https:\/\/www.libertaereszentrum.dev.makeutopia.de\/wp-content\/plugins\/osm\/css\/osm_map.css?ver=6.9.4' media='all' \/>\n<script src=\"https:\/\/www.libertaereszentrum.dev.makeutopia.de\/wp-includes\/js\/dist\/vendor\/wp-polyfill.min.js?ver=3.15.0\" id=\"wp-polyfill-js\"><\/script>\n<script src=\"https:\/\/www.libertaereszentrum.dev.makeutopia.de\/wp-content\/plugins\/osm\/js\/OL\/10.9.0\/ol.js?ver=10.9.0\" id=\"osm-ol3-library-js\"><\/script>\n<script src=\"https:\/\/www.libertaereszentrum.dev.makeutopia.de\/wp-content\/plugins\/osm\/js\/osm-v3-plugin-lib.js?ver=1.0.0\" id=\"osm-ol3-ext-library-js\"><\/script>\n<script src=\"https:\/\/www.libertaereszentrum.dev.makeutopia.de\/wp-content\/plugins\/osm\/js\/osm-metabox-events.js?ver=1.0.0\" id=\"osm-ol3-metabox-events-js\"><\/script>\n<script src=\"https:\/\/www.libertaereszentrum.dev.makeutopia.de\/wp-includes\/js\/jquery\/jquery.min.js?ver=3.7.1\" id=\"jquery-core-js\"><\/script>\n<script src=\"https:\/\/www.libertaereszentrum.dev.makeutopia.de\/wp-includes\/js\/jquery\/jquery-migrate.min.js?ver=3.4.1\" id=\"jquery-migrate-js\"><\/script>\n<script id=\"osm-map-startup-js-extra\">\nvar translations = {\"openlayer\":\"open layer\",\"openlayerAtStartup\":\"open layer at startup\",\"generateLink\":\"link to this map with opened layers\",\"shortDescription\":\"short description\",\"generatedShortCode\":\"to get a text control link paste this code in your wordpress editor\",\"closeLayer\":\"close layer\",\"cantGenerateLink\":\"put this string in the existing map short code to control this map\"};\n\/\/# sourceURL=osm-map-startup-js-extra\n<\/script>\n<script src=\"https:\/\/www.libertaereszentrum.dev.makeutopia.de\/wp-content\/plugins\/osm\/js\/osm-startup-lib.js?ver=V6.2.5\" id=\"osm-map-startup-js\"><\/script>\n\n        <div id=\"map_ol3js_1\"\n       class=\"osm-map-container undefined\"\n             data-map_name=\"undefined\"\n             data-map=\"map_ol3js_1\"\n             data-autoshow=\"no\"\n             style=\"width:95%;\n                    max-width:100%;\n                    height:450px;\n                    display:block;\n                    overflow:hidden;\n                    border:thin solid black;\n                    position: relative;\">\n          <div id=\"map_ol3js_1_popup\" class=\"ol-popup\">\n            <a href=\"#\" id=\"map_ol3js_1_popup-closer\" class=\"ol-popup-closer\"><\/a>\n            <div id=\"map_ol3js_1_popup-content\"><\/div>\n          <\/div>\n        <\/div>\n    <script type=\"text\/javascript\">\n\t\t\t  vectorM['map_ol3js_1'] = [];\n\t        \n        var raster = getTileLayer(\"osm\",\"NoKey\");\t\t\t\n\n\t\t\t  var map_ol3js_1 = new ol.Map({\n\t\t\t\tinteractions: ol.interaction.defaults.defaults({mouseWheelZoom:false}),\n\t\t\t\tlayers: [raster],\n\t\t\t\ttarget: \"map_ol3js_1\",\n\t\t\t\tview: new ol.View({\n\t\t\t\t  center: ol.proj.transform([9.9623,53.5679], \"EPSG:4326\", \"EPSG:3857\"),\n\t\t\t\t  zoom: 17.0\n\t\t\t\t})\n\t\t\t  });\n\t\t\t  osm_addMarkerLayer(map_ol3js_1,9.9623,53.5678,\"https:\/\/www.libertaereszentrum.dev.makeutopia.de\/wp-content\/plugins\/osm\/icons\/mic_black_darling_10.png\",-16,-41,\"<p>Libert\u00e4res Kultur- und Aktionszentrum <br>Fettstra\u00dfe 23 <br>20357 Hamburg \/ Schanzenviertel<\/p>\") ; \naddControls2Map(map_ol3js_1,0,0,3,1,5,6,7,1,1);\nosm_addPopupClickhandler(map_ol3js_1,  \"map_ol3js_1\"); \nosm_addMouseHover(map_ol3js_1); <\/script>\n","protected":false},"excerpt":{"rendered":"<p>Das Libert\u00e4re Kultur- und Aktionszentrum war und ist ein Ort, der von libert\u00e4ren und anarchistischen Gruppen, Projekten und Einzelpersonen genutzt wird, wo mensch sich austauscht und sich gegenseitig unterst\u00fctzt. Die &#8222;Schwarze Katze&#8220; ist komplett selbstverwaltet und wird durch die Aktiven selbst finanziert. Es ist ein Anlaufpunkt f\u00fcr Interessierte am Anarchismus, anarchistischen Organisationsformen und aktuellen Vorg\u00e4ngen. [&hellip;]<\/p>\n","protected":false},"author":1,"featured_media":0,"parent":0,"menu_order":0,"comment_status":"closed","ping_status":"closed","template":"","meta":{"footnotes":""},"class_list":["post-29","page","type-page","status-publish","hentry"],"_links":{"self":[{"href":"https:\/\/www.libertaereszentrum.dev.makeutopia.de\/index.php?rest_route=\/wp\/v2\/pages\/29","targetHints":{"allow":["GET"]}}],"collection":[{"href":"https:\/\/www.libertaereszentrum.dev.makeutopia.de\/index.php?rest_route=\/wp\/v2\/pages"}],"about":[{"href":"https:\/\/www.libertaereszentrum.dev.makeutopia.de\/index.php?rest_route=\/wp\/v2\/types\/page"}],"author":[{"embeddable":true,"href":"https:\/\/www.libertaereszentrum.dev.makeutopia.de\/index.php?rest_route=\/wp\/v2\/users\/1"}],"replies":[{"embeddable":true,"href":"https:\/\/www.libertaereszentrum.dev.makeutopia.de\/index.php?rest_route=%2Fwp%2Fv2%2Fcomments&post=29"}],"version-history":[{"count":7,"href":"https:\/\/www.libertaereszentrum.dev.makeutopia.de\/index.php?rest_route=\/wp\/v2\/pages\/29\/revisions"}],"predecessor-version":[{"id":1392,"href":"https:\/\/www.libertaereszentrum.dev.makeutopia.de\/index.php?rest_route=\/wp\/v2\/pages\/29\/revisions\/1392"}],"wp:attachment":[{"href":"https:\/\/www.libertaereszentrum.dev.makeutopia.de\/index.php?rest_route=%2Fwp%2Fv2%2Fmedia&parent=29"}],"curies":[{"name":"wp","href":"https:\/\/api.w.org\/{rel}","templated":true}]}}