{"id":47,"date":"2025-01-26T17:51:07","date_gmt":"2025-01-26T16:51:07","guid":{"rendered":"https:\/\/www.libertaereszentrum.dev.makeutopia.de\/?page_id=47"},"modified":"2025-01-26T17:52:00","modified_gmt":"2025-01-26T16:52:00","slug":"libertaere-bibliothek-hamburg","status":"publish","type":"page","link":"https:\/\/www.libertaereszentrum.dev.makeutopia.de\/?page_id=47","title":{"rendered":"Libert\u00e4re Bibliothek Hamburg"},"content":{"rendered":"\n<p>Die Libert\u00e4re Bibliothek Hamburg ist Teil des Libert\u00e4ren Kultur- und Aktionszentrums &#8222;Schwarze Katze&#8220;. Sie versteht sich als Ort der Aneignung und Kultivierung herrschaftskritischer Theorie und Praxis.<\/p>\n\n\n\n<div class=\"wp-block-media-text is-stacked-on-mobile\"><figure class=\"wp-block-media-text__media\"><img loading=\"lazy\" decoding=\"async\" width=\"532\" height=\"800\" src=\"https:\/\/www.libertaereszentrum.dev.makeutopia.de\/wp-content\/uploads\/2025\/01\/buecher3.jpg\" alt=\"\" class=\"wp-image-49 size-full\" srcset=\"https:\/\/www.libertaereszentrum.dev.makeutopia.de\/wp-content\/uploads\/2025\/01\/buecher3.jpg 532w, https:\/\/www.libertaereszentrum.dev.makeutopia.de\/wp-content\/uploads\/2025\/01\/buecher3-200x300.jpg 200w\" sizes=\"auto, (max-width: 532px) 100vw, 532px\" \/><\/figure><div class=\"wp-block-media-text__content\">\n<p>Die Bibliothek besteht derzeit gez\u00e4hlter Ma\u00dfen aus etwa 5.000 B\u00fcchern und Brosch\u00fcren sowie ungez\u00e4hlte weiterer Archivalien. <\/p>\n\n\n\n<p>Den wesentlichen Schwerpunkt bilden dabei Anarchistische Theorie und Geschichte.<\/p>\n\n\n\n<p> Dar\u00fcber hinaus umfasst sie viele benachbarte Themenbereiche wie ArbeiterInnebewegung, Marxismus, Antifaschismus, Feminismus, Kritische Theorie und einiges mehr.<\/p>\n<\/div><\/div>\n\n\n\n<p><\/p>\n\n\n\n<div class=\"wp-block-media-text has-media-on-the-right is-stacked-on-mobile\" style=\"grid-template-columns:auto 24%\"><div class=\"wp-block-media-text__content\">\n<p>Der Bestand kann vor Ort pers\u00f6nlich oder digital eingesehen werden.&nbsp;Eine Ausleihe ist grunds\u00e4tzlich m\u00f6glich. Von Selbstausleihen bitten wir jedoch abzusehen.<\/p>\n\n\n\n<p>Die Bibliothek ist selbstfinanziert. Buch- und Geldspenden sind jederzeit willkommen.<\/p>\n<\/div><figure class=\"wp-block-media-text__media\"><img loading=\"lazy\" decoding=\"async\" width=\"144\" height=\"192\" src=\"https:\/\/www.libertaereszentrum.dev.makeutopia.de\/wp-content\/uploads\/2025\/01\/buecher-1.png\" alt=\"\" class=\"wp-image-51 size-full\"\/><\/figure><\/div>\n\n\n\n<p><strong>\u00d6ffnungszeiten<\/strong>:<\/p>\n\n\n\n<p>Montag: 18:00 &#8211; 21:00 Uhr sowie nach Vereinbarung.<\/p>\n\n\n\n<p>An 5. Freitagen im Monat \u00fcbernimmt die Bibliothek die Gestaltung der Freitagskneipe der Schwarzen Katze.<\/p>\n\n\n\n<p><strong>Kontakt<\/strong>: bibliothek@libertaereszentrum.de<\/p>\n\n\n\n<p><strong>Aktuelles:<\/strong> <a href=\"https:\/\/subversionundgroessenwahn.blackblogs.org\/\"><s>https:\/\/subversionundgroessenwahn.blackblogs.org\/<\/s><\/a><\/p>\n\n\n\n<p>(wird derzeit nicht gepflegt)<\/p>\n","protected":false},"excerpt":{"rendered":"<p>Die Libert\u00e4re Bibliothek Hamburg ist Teil des Libert\u00e4ren Kultur- und Aktionszentrums &#8222;Schwarze Katze&#8220;. Sie versteht sich als Ort der Aneignung und Kultivierung herrschaftskritischer Theorie und Praxis. Die Bibliothek besteht derzeit gez\u00e4hlter Ma\u00dfen aus etwa 5.000 B\u00fcchern und Brosch\u00fcren sowie ungez\u00e4hlte weiterer Archivalien. Den wesentlichen Schwerpunkt bilden dabei Anarchistische Theorie und Geschichte. Dar\u00fcber hinaus umfasst sie [&hellip;]<\/p>\n","protected":false},"author":1,"featured_media":0,"parent":45,"menu_order":0,"comment_status":"closed","ping_status":"closed","template":"","meta":{"footnotes":""},"class_list":["post-47","page","type-page","status-publish","hentry"],"_links":{"self":[{"href":"https:\/\/www.libertaereszentrum.dev.makeutopia.de\/index.php?rest_route=\/wp\/v2\/pages\/47","targetHints":{"allow":["GET"]}}],"collection":[{"href":"https:\/\/www.libertaereszentrum.dev.makeutopia.de\/index.php?rest_route=\/wp\/v2\/pages"}],"about":[{"href":"https:\/\/www.libertaereszentrum.dev.makeutopia.de\/index.php?rest_route=\/wp\/v2\/types\/page"}],"author":[{"embeddable":true,"href":"https:\/\/www.libertaereszentrum.dev.makeutopia.de\/index.php?rest_route=\/wp\/v2\/users\/1"}],"replies":[{"embeddable":true,"href":"https:\/\/www.libertaereszentrum.dev.makeutopia.de\/index.php?rest_route=%2Fwp%2Fv2%2Fcomments&post=47"}],"version-history":[{"count":1,"href":"https:\/\/www.libertaereszentrum.dev.makeutopia.de\/index.php?rest_route=\/wp\/v2\/pages\/47\/revisions"}],"predecessor-version":[{"id":52,"href":"https:\/\/www.libertaereszentrum.dev.makeutopia.de\/index.php?rest_route=\/wp\/v2\/pages\/47\/revisions\/52"}],"up":[{"embeddable":true,"href":"https:\/\/www.libertaereszentrum.dev.makeutopia.de\/index.php?rest_route=\/wp\/v2\/pages\/45"}],"wp:attachment":[{"href":"https:\/\/www.libertaereszentrum.dev.makeutopia.de\/index.php?rest_route=%2Fwp%2Fv2%2Fmedia&parent=47"}],"curies":[{"name":"wp","href":"https:\/\/api.w.org\/{rel}","templated":true}]}}