{"id":53,"date":"2025-01-26T17:58:53","date_gmt":"2025-01-26T16:58:53","guid":{"rendered":"https:\/\/www.libertaereszentrum.dev.makeutopia.de\/?page_id=53"},"modified":"2025-01-26T17:59:08","modified_gmt":"2025-01-26T16:59:08","slug":"industrial-workers-of-the-world","status":"publish","type":"page","link":"https:\/\/www.libertaereszentrum.dev.makeutopia.de\/?page_id=53","title":{"rendered":"Industrial Workers of the World"},"content":{"rendered":"\n<p style=\"border-style:none;border-width:0px;padding-top:0;padding-right:0;padding-bottom:0;padding-left:0;font-style:normal;font-weight:500\">Ein Wobbly: Die Wobblies<br><br><em>Ein Mitglied der Industrial Workers of the World, eine basisdemokratische, weltweite Gewerkschaft mit dem Ziel das Lohnsystem zu \u00fcberwinden.<\/em><\/p>\n\n\n\n<p>Die IWW ist eine basisdemokratische, von Arbeiter*innen gef\u00fchrte weltweite Gewerkschaft f\u00fcr alle Arbeiter*innen. Wir organisieren uns als Kolleg*innen, als Nachbar*innen, als Erwerbslose, als Gefl\u00fcchtete, als Studierende auf der Arbeit und unserem sozialen Umfeld. <br>Seit Gr\u00fcndung im Jahre 1905 stehen wir zu unseren <a href=\"https:\/\/www.wobblies.org\/ueber-uns\/praeambel\/\" target=\"_blank\" rel=\"noreferrer noopener\">Grunds\u00e4tzen<\/a>, dass die Klasse der Arbeiter*innen und die Klasse der Unternehmer*innen nichts gemeinsam haben und die Ausbeutung durch das Lohnsystem \u00fcberwunden werden muss. <br><br>Als Organisation zum Selbermachen formen wir durch solidarisches Handeln ohne Stellvertreter*innen die neue Gesellschaft in der Schale der Alten.<\/p>\n\n\n\n<p>Mehr \u00fcber uns k\u00f6nnt ihr hier erfahren: <a href=\"https:\/\/www.wobblies.org\/\" data-type=\"link\" data-id=\"https:\/\/www.wobblies.org\/\">https:\/\/www.wobblies.org\/<\/a><\/p>\n\n\n\n<p><\/p>\n","protected":false},"excerpt":{"rendered":"<p>Ein Wobbly: Die Wobblies Ein Mitglied der Industrial Workers of the World, eine basisdemokratische, weltweite Gewerkschaft mit dem Ziel das Lohnsystem zu \u00fcberwinden. Die IWW ist eine basisdemokratische, von Arbeiter*innen gef\u00fchrte weltweite Gewerkschaft f\u00fcr alle Arbeiter*innen. Wir organisieren uns als Kolleg*innen, als Nachbar*innen, als Erwerbslose, als Gefl\u00fcchtete, als Studierende auf der Arbeit und unserem sozialen [&hellip;]<\/p>\n","protected":false},"author":1,"featured_media":0,"parent":45,"menu_order":0,"comment_status":"closed","ping_status":"closed","template":"","meta":{"footnotes":""},"class_list":["post-53","page","type-page","status-publish","hentry"],"_links":{"self":[{"href":"https:\/\/www.libertaereszentrum.dev.makeutopia.de\/index.php?rest_route=\/wp\/v2\/pages\/53","targetHints":{"allow":["GET"]}}],"collection":[{"href":"https:\/\/www.libertaereszentrum.dev.makeutopia.de\/index.php?rest_route=\/wp\/v2\/pages"}],"about":[{"href":"https:\/\/www.libertaereszentrum.dev.makeutopia.de\/index.php?rest_route=\/wp\/v2\/types\/page"}],"author":[{"embeddable":true,"href":"https:\/\/www.libertaereszentrum.dev.makeutopia.de\/index.php?rest_route=\/wp\/v2\/users\/1"}],"replies":[{"embeddable":true,"href":"https:\/\/www.libertaereszentrum.dev.makeutopia.de\/index.php?rest_route=%2Fwp%2Fv2%2Fcomments&post=53"}],"version-history":[{"count":1,"href":"https:\/\/www.libertaereszentrum.dev.makeutopia.de\/index.php?rest_route=\/wp\/v2\/pages\/53\/revisions"}],"predecessor-version":[{"id":54,"href":"https:\/\/www.libertaereszentrum.dev.makeutopia.de\/index.php?rest_route=\/wp\/v2\/pages\/53\/revisions\/54"}],"up":[{"embeddable":true,"href":"https:\/\/www.libertaereszentrum.dev.makeutopia.de\/index.php?rest_route=\/wp\/v2\/pages\/45"}],"wp:attachment":[{"href":"https:\/\/www.libertaereszentrum.dev.makeutopia.de\/index.php?rest_route=%2Fwp%2Fv2%2Fmedia&parent=53"}],"curies":[{"name":"wp","href":"https:\/\/api.w.org\/{rel}","templated":true}]}}